{"id":39,"date":"2020-10-15T00:57:52","date_gmt":"2020-10-15T04:57:52","guid":{"rendered":"https:\/\/unlimitedbcs.com\/?page_id=39"},"modified":"2022-08-10T11:49:46","modified_gmt":"2022-08-10T15:49:46","slug":"services","status":"publish","type":"page","link":"https:\/\/unlimitedbcs.com\/es\/services\/","title":{"rendered":"Servicios"},"content":{"rendered":"<div class=\"alignfull wp-block-ugb-header ugb-header ufix ugb-42e404f ugb-header ugb-header--v3 ugb-header--design-plain ugb-main-block ugb-main-block--inner-center ugb--has-block-background ugb--has-background-overlay ugb--has-bottom-separator\"><style>.ugb-42e404f .ugb-header__title{font-size:38px !important;color:#ffffff;margin-bottom:16px !important}.ugb-42e404f .ugb-header__subtitle{font-size:22px !important;color:#f6f6f6}.ugb-42e404f.ugb-header{background-color:#000000;background-attachment:fixed;background-image:url(https:\/\/unlimitedbcs.com\/wp-content\/uploads\/2020\/10\/pexels-pixabay-267507.jpg)}.ugb-42e404f{padding:0 !important}.ugb-42e404f.ugb-header:before{background-color:#000000;opacity:0.6}@media screen and (min-width:768px){.ugb-42e404f.ugb-header{padding-top:12px !important;padding-right:35px !important;padding-bottom:120px !important;padding-left:35px !important}.ugb-42e404f .ugb-bottom-separator .ugb-separator-wrapper{height:80px}}@media screen and (max-width:768px){.ugb-42e404f .ugb-bottom-separator .ugb-separator-wrapper{height:30px}}<\/style><div class=\"ugb-bottom-separator\"><div class=\"ugb-separator-wrapper\"><svg xmlns=\"http:\/\/www.w3.org\/2000\/svg\" viewbox=\"0 0 1600 200\" class=\"ugb-separator__layer-1\" preserveaspectratio=\"none\" aria-hidden=\"true\"><path class=\"curve-1_svg__st2\" d=\"M1610 177.3C1423 122.9 1133.3 88 808 88c-334.7 0-631.8 37-818 94.1v28h1620v-32.8z\"><\/path><\/svg><\/div><\/div><div class=\"ugb-inner-block ugb-inner-block--center\"><div class=\"ugb-block-content\"><div class=\"ugb-header__item\"><div class=\"ugb-content-wrapper\"><h1 class=\"ugb-header__title\">Servicios<\/h1><p class=\"ugb-header__subtitle\">Flexibles y eficiente servicios empresariales<\/p><\/div><\/div><\/div><\/div><\/div>\n\n\n\n<div class=\"alignfull wp-block-ugb-container ugb-container ugb-0baadad ugb-container--v2 ugb-container--design-plain ugb-main-block ugb-main-block--inner-center ugb--has-block-background\"><style>.ugb-0baadad .ugb-inner-block{text-align:center}.ugb-0baadad{padding:0 !important}@media screen and (min-width:768px){.ugb-0baadad-content-wrapper.ugb-container__content-wrapper{width:50% !important}}<\/style><div class=\"ugb-inner-block ugb-inner-block--center\"><div class=\"ugb-block-content\"><div class=\"ugb-container__wrapper ugb-0baadad-wrapper\"><div class=\"ugb-container__side\"><div class=\"ugb-container__content-wrapper ugb-0baadad-content-wrapper\">\n<div class=\"wp-block-ugb-heading ugb-heading ugb-9b103ba ugb-main-block\"><style>.ugb-9b103ba .ugb-heading__title{margin-bottom:24px !important}.ugb-9b103ba .ugb-heading__subtitle{font-size:20px !important}.ugb-9b103ba .ugb-heading__top-line{background-color:#0693e3 !important;width:75px !important;margin-left:auto !important;margin-right:auto !important;margin-bottom:30px !important}<\/style><div class=\"ugb-inner-block\"><div class=\"ugb-block-content\"><div class=\"ugb-heading__top-line\"><\/div><h2 class=\"ugb-heading__title\">L\u00edder en soluciones de servicios empresariales en llamadas salientes y entrantes, quejas, reclamaciones, retenci\u00f3n de clientes y asistencia.<\/h2><p class=\"ugb-heading__subtitle\">Creemos en la importancia de un excelente servicio de atenci\u00f3n al cliente, por lo que contamos con un personal cuidadosamente seleccionado y formado con un alto nivel de compromiso y pasi\u00f3n por conseguir clientes satisfechos y leales en cada interacci\u00f3n con su empresa.<\/p><\/div><\/div><\/div>\n<\/div><\/div><\/div><\/div><\/div><\/div>\n\n\n\n<div class=\"alignfull wp-block-ugb-container ugb-container ugb-1ba3fab ugb-container--v2 ugb-container--design-plain ugb-main-block ugb-main-block--inner-center ugb--has-block-background\"><style>.ugb-1ba3fab{padding:0 !important}@media screen and (min-width:768px){.ugb-1ba3fab-content-wrapper.ugb-container__content-wrapper{width:75% !important}}<\/style><div class=\"ugb-inner-block ugb-inner-block--center\"><div class=\"ugb-block-content\"><div class=\"ugb-container__wrapper ugb-1ba3fab-wrapper\"><div class=\"ugb-container__side\"><div class=\"ugb-container__content-wrapper ugb-1ba3fab-content-wrapper\">\n<div class=\"wp-block-group alignwide\"><div class=\"wp-block-group__inner-container is-layout-flow wp-block-group-is-layout-flow\">\n<div class=\"wp-block-group alignwide has-no-padding coblocks-animate\" data-coblocks-animation=\"slideInBottom\"><div class=\"wp-block-group__inner-container is-layout-flow wp-block-group-is-layout-flow\">\n<div class=\"wp-block-group alignwide\"><div class=\"wp-block-group__inner-container is-layout-flow wp-block-group-is-layout-flow\">\n<div class=\"wp-block-group alignwide\"><div class=\"wp-block-group__inner-container is-layout-flow wp-block-group-is-layout-flow\">\n<div class=\"wp-block-group alignwide coblocks-animate\" data-coblocks-animation=\"slideInLeft\"><div class=\"wp-block-group__inner-container is-layout-flow wp-block-group-is-layout-flow\">\n<div class=\"wp-block-media-text alignwide is-stacked-on-mobile is-vertically-aligned-top\"><figure class=\"wp-block-media-text__media\"><img fetchpriority=\"high\" decoding=\"async\" width=\"1024\" height=\"683\" src=\"https:\/\/unlimitedbcs.com\/wp-content\/uploads\/2020\/10\/qtq80-o8sWFX-1024x683.jpeg\" alt=\"\" class=\"wp-image-320 size-full\" srcset=\"https:\/\/unlimitedbcs.com\/wp-content\/uploads\/2020\/10\/qtq80-o8sWFX-1024x683.jpeg 1024w, https:\/\/unlimitedbcs.com\/wp-content\/uploads\/2020\/10\/qtq80-o8sWFX-300x200.jpeg 300w, https:\/\/unlimitedbcs.com\/wp-content\/uploads\/2020\/10\/qtq80-o8sWFX-768x512.jpeg 768w, https:\/\/unlimitedbcs.com\/wp-content\/uploads\/2020\/10\/qtq80-o8sWFX-1536x1024.jpeg 1536w, https:\/\/unlimitedbcs.com\/wp-content\/uploads\/2020\/10\/qtq80-o8sWFX-2048x1365.jpeg 2048w, https:\/\/unlimitedbcs.com\/wp-content\/uploads\/2020\/10\/qtq80-o8sWFX-16x12.jpeg 16w\" sizes=\"(max-width: 1024px) 100vw, 1024px\" \/><\/figure><div class=\"wp-block-media-text__content\">\n<div class=\"wp-block-ugb-card ugb-card ugb-f8ea817 ugb-card--v2 ugb-card--design-plain ugb-card--columns-1 ugb-main-block\"><style>.ugb-f8ea817 .ugb-card__title{font-size:31px !important}.ugb-f8ea817 .ugb-card__description{font-size:20px !important}<\/style><div class=\"ugb-inner-block\"><div class=\"ugb-block-content\"><div class=\"ugb-card__item ugb-card__item1\"><div class=\"ugb-card__content\"><h4 class=\"ugb-card__title\">Gesti\u00f3n de Cobros<\/h4><p class=\"ugb-card__description\">Sabemos lo importante que es para una empresa la gesti\u00f3n de las cuentas por cobrar y los cobros y hemos desarrollado estrategias con muy buenos resultados que empleamos en los cobros preventivos. Combinando la experiencia de nuestro personal y nuestros sistemas tecnol\u00f3gicos logramos altos niveles de efectividad, lo cual es beneficioso para nuestros clientes y sus empresas.<\/p><\/div><\/div><\/div><\/div><\/div>\n<\/div><\/div>\n<\/div><\/div>\n<\/div><\/div>\n<\/div><\/div>\n<\/div><\/div>\n<\/div><\/div>\n<\/div><\/div><\/div><\/div><\/div><\/div>\n\n\n\n<div class=\"alignfull wp-block-ugb-container ugb-container ugb-ead55e6 ugb-container--v2 ugb-container--design-plain ugb-main-block ugb-main-block--inner-center ugb--has-block-background\"><style>.ugb-ead55e6.ugb-container{background-color:#ebebeb}.ugb-ead55e6{padding:0 !important}.ugb-ead55e6.ugb-container:before{background-color:#ebebeb}@media screen and (min-width:768px){.ugb-ead55e6-content-wrapper.ugb-container__content-wrapper{width:75% !important}}<\/style><div class=\"ugb-inner-block ugb-inner-block--center\"><div class=\"ugb-block-content\"><div class=\"ugb-container__wrapper ugb-ead55e6-wrapper\"><div class=\"ugb-container__side\"><div class=\"ugb-container__content-wrapper ugb-ead55e6-content-wrapper\">\n<div class=\"wp-block-group alignwide\"><div class=\"wp-block-group__inner-container is-layout-flow wp-block-group-is-layout-flow\">\n<div class=\"wp-block-group alignwide has-small-padding\"><div class=\"wp-block-group__inner-container is-layout-flow wp-block-group-is-layout-flow\">\n<div class=\"wp-block-group alignwide has-no-padding\"><div class=\"wp-block-group__inner-container is-layout-flow wp-block-group-is-layout-flow\">\n<div class=\"wp-block-group alignwide coblocks-animate\" data-coblocks-animation=\"slideInBottom\"><div class=\"wp-block-group__inner-container is-layout-flow wp-block-group-is-layout-flow\">\n<div class=\"wp-block-group alignwide coblocks-animate\" data-coblocks-animation=\"slideInRight\"><div class=\"wp-block-group__inner-container is-layout-flow wp-block-group-is-layout-flow\">\n<div class=\"wp-block-media-text alignwide has-media-on-the-right is-stacked-on-mobile is-vertically-aligned-center\"><figure class=\"wp-block-media-text__media\"><img decoding=\"async\" width=\"1024\" height=\"678\" src=\"https:\/\/unlimitedbcs.com\/wp-content\/uploads\/2020\/10\/qtq80-xdxlQI-1024x678.jpeg\" alt=\"\" class=\"wp-image-318 size-full\" srcset=\"https:\/\/unlimitedbcs.com\/wp-content\/uploads\/2020\/10\/qtq80-xdxlQI-1024x678.jpeg 1024w, https:\/\/unlimitedbcs.com\/wp-content\/uploads\/2020\/10\/qtq80-xdxlQI-300x199.jpeg 300w, https:\/\/unlimitedbcs.com\/wp-content\/uploads\/2020\/10\/qtq80-xdxlQI-768x509.jpeg 768w, https:\/\/unlimitedbcs.com\/wp-content\/uploads\/2020\/10\/qtq80-xdxlQI-1536x1017.jpeg 1536w, https:\/\/unlimitedbcs.com\/wp-content\/uploads\/2020\/10\/qtq80-xdxlQI-2048x1357.jpeg 2048w, https:\/\/unlimitedbcs.com\/wp-content\/uploads\/2020\/10\/qtq80-xdxlQI-16x12.jpeg 16w\" sizes=\"(max-width: 1024px) 100vw, 1024px\" \/><\/figure><div class=\"wp-block-media-text__content\">\n<div class=\"wp-block-ugb-card ugb-card ugb-0faf64d ugb-card--v2 ugb-card--design-plain ugb-card--columns-1 ugb-main-block\"><style>.ugb-0faf64d .ugb-card__title{font-size:31px !important}.ugb-0faf64d .ugb-card__description{font-size:20px !important}<\/style><div class=\"ugb-inner-block\"><div class=\"ugb-block-content\"><div class=\"ugb-card__item ugb-card__item1\"><div class=\"ugb-card__content\"><h4 class=\"ugb-card__title\">Back Office<\/h4><p class=\"ugb-card__description\">Es importante representar a nuestros clientes con excelencia en todo momento, por lo que nos preocupamos tanto por el reclutamiento de nuevos clientes como por su retenci\u00f3n. Lo conseguimos mediante el uso de estrategias tecnol\u00f3gicas y un personal entrenado en el manejo de incidentes.<\/p><\/div><\/div><\/div><\/div><\/div>\n\n\n\n<div class=\"wp-block-ugb-icon-list ugb-icon-list ugb-e081288 ugb-icon-list--v2 ugb-main-block\"><style>.ugb-e081288 li{font-size:20px !important;margin-bottom:2px !important}.ugb-e081288 li::before{background-image:url('data:image\/svg+xml;base64,PHN2ZyB4bWxucz0iaHR0cDovL3d3dy53My5vcmcvMjAwMC9zdmciIHZpZXdCb3g9IjAgMCAxOTAgMTkwIiBzdHlsZT0iZmlsbDogIzA2OTNlMyAhaW1wb3J0YW50OyBjb2xvcjogIzA2OTNlMyAhaW1wb3J0YW50Ij48cG9seWdvbiBwb2ludHM9IjE3My44LDI4LjQgNjAuNCwxNDEuOCAxNS43LDk3LjIgNS4xLDEwNy44IDYwLjQsMTYzIDE4NC40LDM5IDE3My44LDI4LjQiIGZpbGw9IiMwNjkzZTMiIHN0cm9rZT0iIzA2OTNlMyIgc3R5bGU9ImZpbGw6IHJnYig2LCAxNDcsIDIyNyk7IHN0cm9rZTogcmdiKDYsIDE0NywgMjI3KTsiLz48L3N2Zz4=')}.ugb-e081288 li ul{margin-bottom:2px !important}.ugb-e081288.ugb-icon-list ul{columns:1}.ugb-e081288 .ugb-block-title{font-size:20px !important;margin-bottom:6px !important}<\/style><div class=\"ugb-inner-block\"><h4 class=\"ugb-block-title\">Entre nuestra variedad de servicios ofrecemos:<\/h4><div class=\"ugb-block-content\"><ul><li>Tareas administrativas<\/li><li>Tareas de facturaci\u00f3n<\/li><li>Gesti\u00f3n de pedidos<\/li><li>Gesti\u00f3n de comunicaci\u00f3n<\/li><\/ul><\/div><\/div><\/div>\n<\/div><\/div>\n<\/div><\/div>\n<\/div><\/div>\n<\/div><\/div>\n<\/div><\/div>\n<\/div><\/div>\n<\/div><\/div><\/div><\/div><\/div><\/div>\n\n\n\n<div class=\"alignfull wp-block-ugb-container ugb-container ugb-78d48e3 ugb-container--v2 ugb-container--design-plain ugb-main-block ugb-main-block--inner-center ugb--has-block-background\"><style>.ugb-78d48e3{padding:0 !important}@media screen and (min-width:768px){.ugb-78d48e3-content-wrapper.ugb-container__content-wrapper{width:75% !important}}<\/style><div class=\"ugb-inner-block ugb-inner-block--center\"><div class=\"ugb-block-content\"><div class=\"ugb-container__wrapper ugb-78d48e3-wrapper\"><div class=\"ugb-container__side\"><div class=\"ugb-container__content-wrapper ugb-78d48e3-content-wrapper\">\n<div class=\"wp-block-group alignwide\"><div class=\"wp-block-group__inner-container is-layout-flow wp-block-group-is-layout-flow\">\n<div class=\"wp-block-group alignwide has-no-padding\"><div class=\"wp-block-group__inner-container is-layout-flow wp-block-group-is-layout-flow\">\n<div class=\"wp-block-group alignwide coblocks-animate\" data-coblocks-animation=\"slideInBottom\"><div class=\"wp-block-group__inner-container is-layout-flow wp-block-group-is-layout-flow\">\n<div class=\"wp-block-group alignwide coblocks-animate\" data-coblocks-animation=\"slideInLeft\"><div class=\"wp-block-group__inner-container is-layout-flow wp-block-group-is-layout-flow\">\n<div class=\"wp-block-media-text alignwide is-stacked-on-mobile is-vertically-aligned-top\"><figure class=\"wp-block-media-text__media\"><img decoding=\"async\" width=\"1024\" height=\"683\" src=\"https:\/\/unlimitedbcs.com\/wp-content\/uploads\/2020\/10\/qtq80-GBYHPF-1024x683.jpeg\" alt=\"\" class=\"wp-image-322 size-full\" srcset=\"https:\/\/unlimitedbcs.com\/wp-content\/uploads\/2020\/10\/qtq80-GBYHPF-1024x683.jpeg 1024w, https:\/\/unlimitedbcs.com\/wp-content\/uploads\/2020\/10\/qtq80-GBYHPF-300x200.jpeg 300w, https:\/\/unlimitedbcs.com\/wp-content\/uploads\/2020\/10\/qtq80-GBYHPF-768x512.jpeg 768w, https:\/\/unlimitedbcs.com\/wp-content\/uploads\/2020\/10\/qtq80-GBYHPF-1536x1024.jpeg 1536w, https:\/\/unlimitedbcs.com\/wp-content\/uploads\/2020\/10\/qtq80-GBYHPF-2048x1365.jpeg 2048w, https:\/\/unlimitedbcs.com\/wp-content\/uploads\/2020\/10\/qtq80-GBYHPF-16x12.jpeg 16w\" sizes=\"(max-width: 1024px) 100vw, 1024px\" \/><\/figure><div class=\"wp-block-media-text__content\">\n<div class=\"wp-block-ugb-card ugb-card ugb-d54583a ugb-card--v2 ugb-card--design-plain ugb-card--columns-1 ugb-main-block\"><style>.ugb-d54583a .ugb-card__title{font-size:31px !important}.ugb-d54583a .ugb-card__description{font-size:20px !important}<\/style><div class=\"ugb-inner-block\"><div class=\"ugb-block-content\"><div class=\"ugb-card__item ugb-card__item1\"><div class=\"ugb-card__content\"><h4 class=\"ugb-card__title\">Ventas<\/h4><p class=\"ugb-card__description\">Tenemos la \u00faltima tecnolog\u00eda, herramientas y experiencia en ventas y entendemos la importancia de construir relaciones s\u00f3lidas y permanentes con nuestros clientes. Con base en este objetivo, nuestro equipo ha desarrollado e implementado programas de ventas efectivos dirigidos al crecimiento de la producci\u00f3n, la construcci\u00f3n de relaciones duraderas y el posicionamiento y la lealtad de la marca a trav\u00e9s de soluciones estrat\u00e9gicas para entender las necesidades de cada cliente y conectarlas con su producto o servicio.<\/p><\/div><\/div><\/div><\/div><\/div>\n<\/div><\/div>\n<\/div><\/div>\n<\/div><\/div>\n<\/div><\/div>\n<\/div><\/div>\n<\/div><\/div><\/div><\/div><\/div><\/div>","protected":false},"excerpt":{"rendered":"<p>Services Flexible and efficient business services Leader in business service solutions in outgoing\/incoming calls, complaints, claims, customer&nbsp;retention and assistance. We believe in the importance of excellent customer service, which is why we have a staff that has been carefully selected and trained with a high level of commitment and passion for achieving satisfied and loyal [&hellip;]<\/p>\n","protected":false},"author":1,"featured_media":0,"parent":0,"menu_order":0,"comment_status":"closed","ping_status":"closed","template":"","meta":{"_seopress_robots_primary_cat":"","_seopress_titles_title":"","_seopress_titles_desc":"Flexible and efficient business services","_seopress_robots_index":"","_coblocks_attr":"","_coblocks_dimensions":"","_coblocks_responsive_height":"","_coblocks_accordion_ie_support":"","footnotes":""},"class_list":["post-39","page","type-page","status-publish","hentry"],"featured_image_urls_v2":{"full":"","thumbnail":"","medium":"","medium_large":"","large":"","1536x1536":"","2048x2048":"","trp-custom-language-flag":"","post-thumbnail":""},"post_excerpt_stackable_v2":"<p>ServicesFlexible and efficient business services Leader in business service solutions in outgoing\/incoming calls, complaints, claims, customer&nbsp;retention and assistance.We believe in the importance of excellent customer service, which is why we have a staff that has been carefully selected and trained with a high level of commitment and passion for achieving satisfied and loyal customers in every interaction with your company. Collection ManagementWe know how important accounts receivable and collections management is to a company and we have developed strategies with very good results that we employ in preventive collections. In combining the experience of our staff and our technological systems&hellip;<\/p>\n","category_list_v2":"","author_info_v2":{"name":"rafgunz","url":"https:\/\/unlimitedbcs.com\/es\/author\/rafgunz\/"},"comments_num_v2":"0 comments","_links":{"self":[{"href":"https:\/\/unlimitedbcs.com\/es\/wp-json\/wp\/v2\/pages\/39","targetHints":{"allow":["GET"]}}],"collection":[{"href":"https:\/\/unlimitedbcs.com\/es\/wp-json\/wp\/v2\/pages"}],"about":[{"href":"https:\/\/unlimitedbcs.com\/es\/wp-json\/wp\/v2\/types\/page"}],"author":[{"embeddable":true,"href":"https:\/\/unlimitedbcs.com\/es\/wp-json\/wp\/v2\/users\/1"}],"replies":[{"embeddable":true,"href":"https:\/\/unlimitedbcs.com\/es\/wp-json\/wp\/v2\/comments?post=39"}],"version-history":[{"count":48,"href":"https:\/\/unlimitedbcs.com\/es\/wp-json\/wp\/v2\/pages\/39\/revisions"}],"predecessor-version":[{"id":438,"href":"https:\/\/unlimitedbcs.com\/es\/wp-json\/wp\/v2\/pages\/39\/revisions\/438"}],"wp:attachment":[{"href":"https:\/\/unlimitedbcs.com\/es\/wp-json\/wp\/v2\/media?parent=39"}],"curies":[{"name":"wp","href":"https:\/\/api.w.org\/{rel}","templated":true}]}}