{"id":34,"date":"2020-10-15T00:57:04","date_gmt":"2020-10-15T04:57:04","guid":{"rendered":"https:\/\/unlimitedbcs.com\/?page_id=34"},"modified":"2022-08-10T11:49:46","modified_gmt":"2022-08-10T15:49:46","slug":"about","status":"publish","type":"page","link":"https:\/\/unlimitedbcs.com\/es\/about\/","title":{"rendered":"Acerca"},"content":{"rendered":"<div class=\"alignfull wp-block-ugb-header ugb-header ufix ugb-bef26a9 ugb-header ugb-header--v3 ugb-header--design-plain ugb-main-block ugb-main-block--inner-center ugb--has-block-background ugb--has-background-overlay ugb--has-bottom-separator\"><style>.ugb-bef26a9 .ugb-header__title{font-size:38px !important;color:#ffffff;margin-bottom:16px !important}.ugb-bef26a9 .ugb-header__subtitle{font-size:22px !important;color:#f6f6f6}.ugb-bef26a9.ugb-header{background-color:#000000;background-attachment:fixed;background-image:url(https:\/\/unlimitedbcs.com\/wp-content\/uploads\/2020\/10\/pexels-pixabay-267507.jpg)}.ugb-bef26a9{padding:0 !important}.ugb-bef26a9.ugb-header:before{background-color:#000000;opacity:0.6}@media screen and (min-width:768px){.ugb-bef26a9.ugb-header{padding-top:27px !important;padding-right:35px !important;padding-bottom:116px !important;padding-left:35px !important}.ugb-bef26a9 .ugb-bottom-separator .ugb-separator-wrapper{height:80px}}@media screen and (max-width:768px){.ugb-bef26a9 .ugb-bottom-separator .ugb-separator-wrapper{height:30px}}<\/style><div class=\"ugb-bottom-separator\"><div class=\"ugb-separator-wrapper\"><svg xmlns=\"http:\/\/www.w3.org\/2000\/svg\" viewbox=\"0 0 1600 200\" class=\"ugb-separator__layer-1\" preserveaspectratio=\"none\" aria-hidden=\"true\"><path class=\"curve-1_svg__st2\" d=\"M1610 177.3C1423 122.9 1133.3 88 808 88c-334.7 0-631.8 37-818 94.1v28h1620v-32.8z\"><\/path><\/svg><\/div><\/div><div class=\"ugb-inner-block ugb-inner-block--center\"><div class=\"ugb-block-content\"><div class=\"ugb-header__item\"><div class=\"ugb-content-wrapper\"><h1 class=\"ugb-header__title\">Sobre Nosotros<\/h1><p class=\"ugb-header__subtitle\">Soluciones de servicios empresariales que simplifican la interacci\u00f3n y el compromiso del cliente.<\/p><\/div><\/div><\/div><\/div><\/div>\n\n\n\n<div class=\"alignfull wp-block-ugb-container ugb-container ugb-79b57da ugb-container--v2 ugb-container--design-plain ugb-main-block ugb-main-block--inner-center ugb--has-block-background\"><style>.ugb-79b57da .ugb-inner-block{text-align:center}.ugb-79b57da{padding:0 !important}@media screen and (min-width:768px){.ugb-79b57da-content-wrapper.ugb-container__content-wrapper{width:50% !important}}<\/style><div class=\"ugb-inner-block ugb-inner-block--center\"><div class=\"ugb-block-content\"><div class=\"ugb-container__wrapper ugb-79b57da-wrapper\"><div class=\"ugb-container__side\"><div class=\"ugb-container__content-wrapper ugb-79b57da-content-wrapper\">\n<div class=\"wp-block-ugb-heading ugb-heading ugb-0ceb5b3 ugb-main-block\"><style>.ugb-0ceb5b3 .ugb-heading__title{margin-bottom:24px !important}.ugb-0ceb5b3 .ugb-heading__subtitle{font-size:20px !important}.ugb-0ceb5b3 .ugb-heading__top-line{background-color:#0693e3 !important;width:75px !important;margin-left:auto !important;margin-right:auto !important;margin-bottom:30px !important}<\/style><div class=\"ugb-inner-block\"><div class=\"ugb-block-content\"><div class=\"ugb-heading__top-line\"><\/div><h2 class=\"ugb-heading__title\">Nuestro objetivo es ofrecer soluciones integrales a nuestros clientes que se adapten a sus necesidades espec\u00edficas.<\/h2><p class=\"ugb-heading__subtitle\">Somos un equipo innovador y experimentado con m\u00e1s de 23 a\u00f1os de experiencia en la industria de las soluciones y servicios de outsourcing de la industria que presta servicios de BPO para clientes B2B\/B2C en el entorno virtual o local. Estamos orgullosos de ofrecer un enfoque personalizado para cada uno de nuestros clientes y campa\u00f1as.<\/p><\/div><\/div><\/div>\n<\/div><\/div><\/div><\/div><\/div><\/div>\n\n\n\n<div class=\"alignfull wp-block-ugb-container ugb-container ugb-2ea302e ugb-container--v2 ugb-container--design-plain ugb-main-block ugb-main-block--inner-center ugb--has-block-background\"><style>.ugb-2ea302e{padding:0 !important}@media screen and (min-width:768px){.ugb-2ea302e-content-wrapper.ugb-container__content-wrapper{width:58% !important}}<\/style><div class=\"ugb-inner-block ugb-inner-block--center\"><div class=\"ugb-block-content\"><div class=\"ugb-container__wrapper ugb-2ea302e-wrapper\"><div class=\"ugb-container__side\"><div class=\"ugb-container__content-wrapper ugb-2ea302e-content-wrapper\">\n<div class=\"wp-block-group alignwide\"><div class=\"wp-block-group__inner-container is-layout-flow wp-block-group-is-layout-flow\">\n<div class=\"wp-block-coblocks-media-card alignwide is-style-right is-stacked-on-mobile coblocks-media-card-92721250543\"><div class=\"wp-block-coblocks-media-card__inner has-no-padding\"><div class=\"wp-block-coblocks-media-card__wrapper\"><figure class=\"wp-block-coblocks-media-card__media\"><img fetchpriority=\"high\" decoding=\"async\" width=\"715\" height=\"550\" src=\"https:\/\/unlimitedbcs.com\/wp-content\/uploads\/2020\/10\/workplace.jpg\" alt=\"workplace\" class=\"wp-image-205\" srcset=\"https:\/\/unlimitedbcs.com\/wp-content\/uploads\/2020\/10\/workplace.jpg 715w, https:\/\/unlimitedbcs.com\/wp-content\/uploads\/2020\/10\/workplace-300x231.jpg 300w, https:\/\/unlimitedbcs.com\/wp-content\/uploads\/2020\/10\/workplace-16x12.jpg 16w\" sizes=\"(max-width: 715px) 100vw, 715px\" \/><\/figure><div class=\"wp-block-coblocks-media-card__content\">\n<div class=\"wp-block-coblocks-row coblocks-row-92721250712\" data-columns=\"1\" data-layout=\"100\"><div class=\"wp-block-coblocks-row__inner has-background has-background-overlay bg-cover has-background-image bg-no-repeat bg-center-center has-background-overlay-70 has-text-color has-white-color has-padding has-large-padding has-no-margin is-stacked-on-mobile has-medium-gutter\" style=\"background-color:#1fa8bf;background-image:url(https:\/\/unlimitedbcs.com\/wp-content\/uploads\/2020\/10\/unlbcs-bg-1.png);background-position:100% 50%\">\n<div class=\"wp-block-coblocks-column coblocks-column-92721250717\" style=\"width:100%\"><div class=\"wp-block-coblocks-column__inner has-no-padding has-no-margin\">\n<div style=\"height:50px\" aria-hidden=\"true\" class=\"wp-block-spacer\"><\/div>\n\n\n\n<h3 class=\"wp-block-heading\">Misi\u00f3n<\/h3>\n\n\n\n<p class=\"has-medium-font-size\">Comprender las necesidades de nuestros clientes y utilizar nuestro apoyo tecnol\u00f3gico, soluciones innovadoras y talento humano para ofrecer soluciones eficaces y eficientes a los clientes, priorizando sus necesidades \u00fanicas y su marca.<\/p>\n\n\n\n<div style=\"height:50px\" aria-hidden=\"true\" class=\"wp-block-spacer\"><\/div>\n<\/div><\/div>\n<\/div><\/div>\n<\/div><\/div><\/div><\/div>\n<\/div><\/div>\n\n\n\n<div style=\"height:130px\" aria-hidden=\"true\" class=\"wp-block-spacer\"><\/div>\n\n\n\n<div class=\"wp-block-group alignwide\"><div class=\"wp-block-group__inner-container is-layout-flow wp-block-group-is-layout-flow\">\n<div class=\"wp-block-coblocks-media-card alignwide is-style-left is-stacked-on-mobile coblocks-media-card-92723012194\"><div class=\"wp-block-coblocks-media-card__inner has-no-padding\"><div class=\"wp-block-coblocks-media-card__wrapper\"><figure class=\"wp-block-coblocks-media-card__media\"><img decoding=\"async\" width=\"715\" height=\"550\" src=\"https:\/\/unlimitedbcs.com\/wp-content\/uploads\/2020\/10\/servers.jpg\" alt=\"servers\" class=\"wp-image-206\" srcset=\"https:\/\/unlimitedbcs.com\/wp-content\/uploads\/2020\/10\/servers.jpg 715w, https:\/\/unlimitedbcs.com\/wp-content\/uploads\/2020\/10\/servers-300x231.jpg 300w, https:\/\/unlimitedbcs.com\/wp-content\/uploads\/2020\/10\/servers-16x12.jpg 16w\" sizes=\"(max-width: 715px) 100vw, 715px\" \/><\/figure><div class=\"wp-block-coblocks-media-card__content\">\n<div class=\"wp-block-coblocks-row coblocks-row-92723012386\" data-columns=\"1\" data-layout=\"100\"><div class=\"wp-block-coblocks-row__inner has-background has-background-overlay bg-cover has-background-image bg-no-repeat bg-center-center has-background-overlay-80 has-text-color has-white-color has-padding has-large-padding has-no-margin is-stacked-on-mobile has-medium-gutter\" style=\"background-color:#29469d;background-image:url(https:\/\/unlimitedbcs.com\/wp-content\/uploads\/2020\/10\/unlbcs-bg-1.png);background-position:100% 50%\">\n<div class=\"wp-block-coblocks-column coblocks-column-92723012389\" style=\"width:100%\"><div class=\"wp-block-coblocks-column__inner has-no-padding has-no-margin\">\n<div style=\"height:50px\" aria-hidden=\"true\" class=\"wp-block-spacer\"><\/div>\n\n\n\n<h3 class=\"wp-block-heading\">Visi\u00f3n<\/h3>\n\n\n\n<p class=\"has-medium-font-size\">Liderar en el siempre cambiante mundo de la comunicaci\u00f3n, ser reconocidos en la industria como proveedores de soluciones \u00fanicas y eficientes que se adapten a las necesidades de cada cliente, contando con el equipo m\u00e1s experimentado e innovador junto con la tecnolog\u00eda m\u00e1s reciente y los procesos m\u00e1s eficientes que nos convierten en el mejor proveedor de servicios de la industria a nivel internacional.<\/p>\n\n\n\n<div style=\"height:50px\" aria-hidden=\"true\" class=\"wp-block-spacer\"><\/div>\n<\/div><\/div>\n<\/div><\/div>\n<\/div><\/div><\/div><\/div>\n<\/div><\/div>\n<\/div><\/div><\/div><\/div><\/div><\/div>\n\n\n\n<p><\/p>","protected":false},"excerpt":{"rendered":"<p>About Us Business service solutions that simplify customer interaction and engagement. Our goal is to offer comprehensive solutions to our customers that are tailored to their specific needs. We are an innovative, experienced team with over 23 years experience in the industry solution and outsourcing service industry servicing BPO for B2B\/B2C customers in the virtual [&hellip;]<\/p>\n","protected":false},"author":1,"featured_media":0,"parent":0,"menu_order":0,"comment_status":"closed","ping_status":"closed","template":"","meta":{"_seopress_robots_primary_cat":"","_seopress_titles_title":"","_seopress_titles_desc":"","_seopress_robots_index":"","_coblocks_attr":"","_coblocks_dimensions":"","_coblocks_responsive_height":"","_coblocks_accordion_ie_support":"","footnotes":""},"class_list":["post-34","page","type-page","status-publish","hentry"],"featured_image_urls_v2":{"full":"","thumbnail":"","medium":"","medium_large":"","large":"","1536x1536":"","2048x2048":"","trp-custom-language-flag":"","post-thumbnail":""},"post_excerpt_stackable_v2":"<p>About UsBusiness service solutions that simplify customer interaction and engagement. Our goal is to offer comprehensive solutions to our customers that are tailored to their specific needs.We are an innovative, experienced team with over 23 years experience in the industry solution and outsourcing service industry servicing BPO for B2B\/B2C customers in the virtual or local environment. We are proud to offer a tailored approach to each of our customers and campaigns. Mission Understanding the needs of our clients and using our technological support, innovative solutions and human talent to offer effective and efficient solutions to clients, prioritizing their unique needs&hellip;<\/p>\n","category_list_v2":"","author_info_v2":{"name":"rafgunz","url":"https:\/\/unlimitedbcs.com\/es\/author\/rafgunz\/"},"comments_num_v2":"0 comments","_links":{"self":[{"href":"https:\/\/unlimitedbcs.com\/es\/wp-json\/wp\/v2\/pages\/34","targetHints":{"allow":["GET"]}}],"collection":[{"href":"https:\/\/unlimitedbcs.com\/es\/wp-json\/wp\/v2\/pages"}],"about":[{"href":"https:\/\/unlimitedbcs.com\/es\/wp-json\/wp\/v2\/types\/page"}],"author":[{"embeddable":true,"href":"https:\/\/unlimitedbcs.com\/es\/wp-json\/wp\/v2\/users\/1"}],"replies":[{"embeddable":true,"href":"https:\/\/unlimitedbcs.com\/es\/wp-json\/wp\/v2\/comments?post=34"}],"version-history":[{"count":34,"href":"https:\/\/unlimitedbcs.com\/es\/wp-json\/wp\/v2\/pages\/34\/revisions"}],"predecessor-version":[{"id":434,"href":"https:\/\/unlimitedbcs.com\/es\/wp-json\/wp\/v2\/pages\/34\/revisions\/434"}],"wp:attachment":[{"href":"https:\/\/unlimitedbcs.com\/es\/wp-json\/wp\/v2\/media?parent=34"}],"curies":[{"name":"wp","href":"https:\/\/api.w.org\/{rel}","templated":true}]}}