{"id":2,"date":"2020-10-14T20:27:02","date_gmt":"2020-10-15T00:27:02","guid":{"rendered":"https:\/\/unlimitedbcs.com\/?page_id=2"},"modified":"2022-08-10T11:49:46","modified_gmt":"2022-08-10T15:49:46","slug":"home","status":"publish","type":"page","link":"https:\/\/unlimitedbcs.com\/es\/","title":{"rendered":"Inicio"},"content":{"rendered":"<div class=\"alignfull wp-block-ugb-container ugb-container ufix ugb-2552069 ugb-container--v2 ugb-container--design-basic ugb-main-block ugb--has-custom-content-width ugb-main-block--inner-full ugb--has-block-background ugb--has-background-overlay ugb--has-bottom-separator\"><style>.ugb-2552069-wrapper.ugb-container__wrapper{border-radius:0px !important;padding-top:0 !important;padding-bottom:0 !important;background-color:rgba(0,0,0,0) !important}.ugb-2552069-wrapper > .ugb-container__side{padding-top:120px !important;padding-bottom:120px !important;align-items:center !important}.ugb-2552069-wrapper.ugb-container__wrapper:before{background-color:#000000 !important}.ugb-2552069-content-wrapper > h1,.ugb-2552069-content-wrapper > h2,.ugb-2552069-content-wrapper > h3,.ugb-2552069-content-wrapper > h4,.ugb-2552069-content-wrapper > h5,.ugb-2552069-content-wrapper > h6{color:#ffffff}.ugb-2552069-content-wrapper > p,.ugb-2552069-content-wrapper > ol li,.ugb-2552069-content-wrapper > ul li{color:#ffffff}.ugb-2552069 .ugb-inner-block{text-align:center}.ugb-2552069.ugb-container{min-height:100px;background-color:#041520;background-image:url(https:\/\/unlimitedbcs.com\/wp-content\/uploads\/2020\/12\/hero-001.jpg);background-position:center center}.ugb-2552069.ugb-container > .ugb-inner-block{max-width:2000px !important}.ugb-2552069{padding:0 !important}.ugb-2552069.ugb-container:before{background-color:#041520;opacity:0.7}.ugb-2552069 .ugb-bottom-separator .ugb-separator-wrapper{transform:scaleX(1)}@media screen and (min-width:768px){.ugb-2552069-content-wrapper.ugb-container__content-wrapper{width:60% !important}.ugb-2552069.ugb-container{margin-top:89px !important;margin-bottom:89px !important;padding-top:29px !important;padding-right:35px !important;padding-bottom:71px !important;padding-left:35px !important}.ugb-2552069 .ugb-bottom-separator .ugb-separator-wrapper{height:80px}}@media screen and (max-width:768px){.ugb-2552069 .ugb-bottom-separator .ugb-separator-wrapper{height:30px}}@media screen and (-ms-high-contrast:active),screen and (-ms-high-contrast:none){.ugb-2552069.ugb-container{height:100px}}.ugb-2552069 > .ugb-inner-block > .ugb-block-content > *{justify-content:center !important}<\/style><div class=\"ugb-bottom-separator\"><div class=\"ugb-separator-wrapper\"><svg xmlns=\"http:\/\/www.w3.org\/2000\/svg\" viewbox=\"0 0 1600 200\" class=\"ugb-separator__layer-1\" preserveaspectratio=\"none\" aria-hidden=\"true\"><path class=\"curve-1_svg__st2\" d=\"M1610 177.3C1423 122.9 1133.3 88 808 88c-334.7 0-631.8 37-818 94.1v28h1620v-32.8z\"><\/path><\/svg><\/div><\/div><div class=\"ugb-inner-block ugb-inner-block--full\"><div class=\"ugb-block-content\"><div class=\"ugb-container__wrapper ugb-2552069-wrapper ugb--shadow-0\"><div class=\"ugb-container__side\"><div class=\"ugb-container__content-wrapper ugb-2552069-content-wrapper\">\n<div class=\"wp-block-ugb-heading ugb-heading u-top-header ugb-396f971 ugb-main-block\"><style>.ugb-396f971 .ugb-heading__title{color:#ffffff;font-size:40px !important}.ugb-396f971 .ugb-heading__subtitle{font-size:24px !important;color:#00fdfe}<\/style><div class=\"ugb-inner-block\"><div class=\"ugb-block-content\"><h1 class=\"ugb-heading__title\">Soluciones de Servicio Empresariales<\/h1><p class=\"ugb-heading__subtitle\">Simplificando Servicios Empresariales<\/p><\/div><\/div><\/div>\n<\/div><\/div><\/div><\/div><\/div><\/div>\n\n\n\n<div class=\"wp-block-ugb-feature-grid ugb-feature-grid ugb-beb0e2a ugb-feature-grid--v2 ugb-feature-grid--columns-4 ugb-feature-grid--design-basic ugb-main-block ugb--has-custom-content-width\"><style>.ugb-beb0e2a .ugb-feature-grid__item{border-radius:4px !important}.ugb-beb0e2a .ugb-img{width:72px;height:auto !important}.ugb-beb0e2a .ugb-feature-grid__title{font-size:22px !important}.ugb-beb0e2a .ugb-feature-grid__description{font-size:20px !important}.ugb-beb0e2a.ugb-feature-grid{z-index:300 !important}.ugb-beb0e2a.ugb-feature-grid > .ugb-inner-block{max-width:92% !important}@media screen and (min-width:768px){.ugb-beb0e2a.ugb-feature-grid{margin-top:-165px !important}}<\/style><div class=\"ugb-inner-block\"><div class=\"ugb-block-content\"><div class=\"ugb-feature-grid__item ugb-feature-grid__item1 ugb--shadow-7\"><div class=\"ugb-feature-grid__image\"><img decoding=\"async\" class=\"ugb-img wp-image-183\" src=\"https:\/\/unlimitedbcs.com\/wp-content\/uploads\/2020\/10\/ic-holding-globe-150x150.png\" alt=\"Responsibility\" title=\"\" width=\"72\" srcset=\"https:\/\/unlimitedbcs.com\/wp-content\/uploads\/2020\/10\/ic-holding-globe-150x150.png 150w, https:\/\/unlimitedbcs.com\/wp-content\/uploads\/2020\/10\/ic-holding-globe-300x300.png 300w, https:\/\/unlimitedbcs.com\/wp-content\/uploads\/2020\/10\/ic-holding-globe-12x12.png 12w, https:\/\/unlimitedbcs.com\/wp-content\/uploads\/2020\/10\/ic-holding-globe.png 500w\" sizes=\"(max-width: 150px) 100vw, 150px\" \/><\/div><div class=\"ugb-feature-grid__content\"><h3 class=\"ugb-feature-grid__title\">Compromiso<\/h3><p class=\"ugb-feature-grid__description\">Nos alineamos con los objetivos y metas de su empresa.<\/p><\/div><\/div><div class=\"ugb-feature-grid__item ugb-feature-grid__item2 ugb--shadow-7\"><div class=\"ugb-feature-grid__image\"><img decoding=\"async\" class=\"ugb-img wp-image-180\" src=\"https:\/\/unlimitedbcs.com\/wp-content\/uploads\/2020\/10\/ic-people-arrows-150x150.png\" alt=\"Teamwork\" title=\"\" width=\"72\" srcset=\"https:\/\/unlimitedbcs.com\/wp-content\/uploads\/2020\/10\/ic-people-arrows-150x150.png 150w, https:\/\/unlimitedbcs.com\/wp-content\/uploads\/2020\/10\/ic-people-arrows-300x300.png 300w, https:\/\/unlimitedbcs.com\/wp-content\/uploads\/2020\/10\/ic-people-arrows-12x12.png 12w, https:\/\/unlimitedbcs.com\/wp-content\/uploads\/2020\/10\/ic-people-arrows.png 500w\" sizes=\"(max-width: 150px) 100vw, 150px\" \/><\/div><div class=\"ugb-feature-grid__content\"><h3 class=\"ugb-feature-grid__title\">Trabajo en equipo<\/h3><p class=\"ugb-feature-grid__description\">Construir relaciones con nuestros clientes y miembros del equipo es una prioridad y parte de nuestra cultura.<\/p><\/div><\/div><div class=\"ugb-feature-grid__item ugb-feature-grid__item3 ugb--shadow-7\"><div class=\"ugb-feature-grid__image\"><img decoding=\"async\" class=\"ugb-img wp-image-182\" src=\"https:\/\/unlimitedbcs.com\/wp-content\/uploads\/2020\/10\/ic-award-150x150.png\" alt=\"Quality\" title=\"\" width=\"72\" srcset=\"https:\/\/unlimitedbcs.com\/wp-content\/uploads\/2020\/10\/ic-award-150x150.png 150w, https:\/\/unlimitedbcs.com\/wp-content\/uploads\/2020\/10\/ic-award-300x300.png 300w, https:\/\/unlimitedbcs.com\/wp-content\/uploads\/2020\/10\/ic-award-12x12.png 12w, https:\/\/unlimitedbcs.com\/wp-content\/uploads\/2020\/10\/ic-award.png 500w\" sizes=\"(max-width: 150px) 100vw, 150px\" \/><\/div><div class=\"ugb-feature-grid__content\"><h3 class=\"ugb-feature-grid__title\">Calidad<\/h3><p class=\"ugb-feature-grid__description\">Cada asociaci\u00f3n es vista como su propia entidad y nos esforzamos por cumplir con su unicidad.<\/p><\/div><\/div><div class=\"ugb-feature-grid__item ugb-feature-grid__item4 ugb--shadow-7\"><div class=\"ugb-feature-grid__image\"><img decoding=\"async\" class=\"ugb-img wp-image-181\" src=\"https:\/\/unlimitedbcs.com\/wp-content\/uploads\/2020\/10\/ic-lightbulb-150x150.png\" alt=\"Innovation\" title=\"\" width=\"72\" srcset=\"https:\/\/unlimitedbcs.com\/wp-content\/uploads\/2020\/10\/ic-lightbulb-150x150.png 150w, https:\/\/unlimitedbcs.com\/wp-content\/uploads\/2020\/10\/ic-lightbulb-300x300.png 300w, https:\/\/unlimitedbcs.com\/wp-content\/uploads\/2020\/10\/ic-lightbulb-12x12.png 12w, https:\/\/unlimitedbcs.com\/wp-content\/uploads\/2020\/10\/ic-lightbulb.png 500w\" sizes=\"(max-width: 150px) 100vw, 150px\" \/><\/div><div class=\"ugb-feature-grid__content\"><h3 class=\"ugb-feature-grid__title\">Innovaci\u00f3n<\/h3><p class=\"ugb-feature-grid__description\">Nos esforzamos constantemente por perfeccionar nuestros procesos y utilizar la \u00faltima tecnolog\u00eda.<\/p><\/div><\/div><\/div><\/div><\/div>\n\n\n\n<div class=\"wp-block-ugb-spacer ugb-spacer ugb-acd3314 ugb-spacer--v2 ugb-main-block\"><style>@media screen and (min-width:768px){.ugb-acd3314.ugb-spacer{height:90px !important}}<\/style><div class=\"ugb-inner-block\"><div class=\"ugb-block-content\"><div class=\"ugb-spacer--inner\"><\/div><\/div><\/div><\/div>\n\n\n\n<div class=\"alignfull wp-block-ugb-container ugb-container ugb-e72212f ugb-container--v2 ugb-container--design-plain ugb-main-block ugb-main-block--inner-center ugb--has-block-background\"><style>.ugb-e72212f.ugb-container{background-color:#ebebeb}.ugb-e72212f{padding:0 !important}.ugb-e72212f.ugb-container:before{background-color:#ebebeb}@media screen and (min-width:768px){.ugb-e72212f-content-wrapper.ugb-container__content-wrapper{width:75% !important}}<\/style><div class=\"ugb-inner-block ugb-inner-block--center\"><div class=\"ugb-block-content\"><div class=\"ugb-container__wrapper ugb-e72212f-wrapper\"><div class=\"ugb-container__side\"><div class=\"ugb-container__content-wrapper ugb-e72212f-content-wrapper\">\n<div class=\"wp-block-ugb-heading ugb-heading u-top-header ugb-971804e ugb-main-block\"><style>.ugb-971804e .ugb-heading__title{color:#000000;text-align:center;margin-bottom:15px !important}.ugb-971804e .ugb-heading__top-line{background-color:#0ec2df !important;height:4px !important;margin-left:auto !important;margin-right:auto !important}<\/style><div class=\"ugb-inner-block\"><div class=\"ugb-block-content\"><div class=\"ugb-heading__top-line\"><\/div><h2 class=\"ugb-heading__title\">La Soluci\u00f3n Simple para su Negocio<\/h2><\/div><\/div><\/div>\n\n\n\n<div class=\"wp-block-group alignwide coblocks-animate\" data-coblocks-animation=\"slideInRight\"><div class=\"wp-block-group__inner-container is-layout-flow wp-block-group-is-layout-flow\">\n<div class=\"wp-block-media-text alignwide has-media-on-the-right is-stacked-on-mobile is-vertically-aligned-top\"><figure class=\"wp-block-media-text__media\"><img fetchpriority=\"high\" decoding=\"async\" width=\"1024\" height=\"697\" src=\"https:\/\/unlimitedbcs.com\/wp-content\/uploads\/2020\/10\/client-focus.jpg\" alt=\"\" class=\"wp-image-293 size-full\" srcset=\"https:\/\/unlimitedbcs.com\/wp-content\/uploads\/2020\/10\/client-focus.jpg 1024w, https:\/\/unlimitedbcs.com\/wp-content\/uploads\/2020\/10\/client-focus-300x204.jpg 300w, https:\/\/unlimitedbcs.com\/wp-content\/uploads\/2020\/10\/client-focus-768x523.jpg 768w, https:\/\/unlimitedbcs.com\/wp-content\/uploads\/2020\/10\/client-focus-16x12.jpg 16w\" sizes=\"(max-width: 1024px) 100vw, 1024px\" \/><\/figure><div class=\"wp-block-media-text__content\">\n<div class=\"wp-block-ugb-card ugb-card ugb-3e7540a ugb-card--v2 ugb-card--design-plain ugb-card--columns-1 ugb-main-block\"><style>.ugb-3e7540a .ugb-card__description{font-size:20px !important;margin-bottom:30px !important}.ugb-3e7540a .ugb-button:hover{background-color:;opacity:1}.ugb-3e7540a .ugb-button:before{content:\"\";background-image:linear-gradient(90deg,,)}<\/style><div class=\"ugb-inner-block\"><div class=\"ugb-block-content\"><div class=\"ugb-card__item ugb-card__item1\"><div class=\"ugb-card__content\"><p class=\"ugb-card__description\">Somos una compa\u00f1\u00eda boutique en la industria de los centros de contacto con una estructura 100% virtual para servicios comerciales, ofreciendo a nuestros clientes servicios personalizados y especializados que se centran en las necesidades y objetivos de nuestros clientes.<\/p><div class=\"ugb-button-container\"><a class=\"ugb-button ugb-button--size-normal ugb-button--ghost-to-normal-effect ugb-button--design-ghost\" href=\"https:\/\/unlimitedbcs.com\/es\/about\/\" rel=\"\" title=\"\"><span class=\"ugb-button--inner\">Aprender M\u00e1s<\/span><\/a><\/div><\/div><\/div><\/div><\/div><\/div>\n<\/div><\/div>\n<\/div><\/div>\n<\/div><\/div><\/div><\/div><\/div><\/div>\n\n\n\n<div class=\"alignfull wp-block-ugb-container ugb-container ugb-b81f4ec ugb-container--v2 ugb-container--design-plain ugb-main-block ugb-main-block--inner-center ugb--has-block-background\"><style>.ugb-b81f4ec{padding:0 !important}@media screen and (min-width:768px){.ugb-b81f4ec-content-wrapper.ugb-container__content-wrapper{width:75% !important}}<\/style><div class=\"ugb-inner-block ugb-inner-block--center\"><div class=\"ugb-block-content\"><div class=\"ugb-container__wrapper ugb-b81f4ec-wrapper\"><div class=\"ugb-container__side\"><div class=\"ugb-container__content-wrapper ugb-b81f4ec-content-wrapper\">\n<div class=\"wp-block-ugb-heading ugb-heading u-top-header ugb-436e0f5 ugb-main-block\"><style>.ugb-436e0f5 .ugb-heading__title{color:#000000;text-align:center;margin-bottom:15px !important}.ugb-436e0f5 .ugb-heading__top-line{background-color:#0ec2df !important;height:4px !important;margin-left:auto !important;margin-right:auto !important}<\/style><div class=\"ugb-inner-block\"><div class=\"ugb-block-content\"><div class=\"ugb-heading__top-line\"><\/div><h2 class=\"ugb-heading__title\">Lo Que Hacemos<\/h2><\/div><\/div><\/div>\n\n\n\n<div class=\"wp-block-group alignwide coblocks-animate\" data-coblocks-animation=\"slideInLeft\"><div class=\"wp-block-group__inner-container is-layout-flow wp-block-group-is-layout-flow\">\n<div class=\"wp-block-media-text alignwide is-stacked-on-mobile is-vertically-aligned-top is-style-default\"><figure class=\"wp-block-media-text__media\"><img decoding=\"async\" width=\"1024\" height=\"697\" src=\"https:\/\/unlimitedbcs.com\/wp-content\/uploads\/2020\/10\/qtq80-rviUpq-1024x697.jpeg\" alt=\"\" class=\"wp-image-291 size-full\" srcset=\"https:\/\/unlimitedbcs.com\/wp-content\/uploads\/2020\/10\/qtq80-rviUpq-1024x697.jpeg 1024w, https:\/\/unlimitedbcs.com\/wp-content\/uploads\/2020\/10\/qtq80-rviUpq-300x204.jpeg 300w, https:\/\/unlimitedbcs.com\/wp-content\/uploads\/2020\/10\/qtq80-rviUpq-768x523.jpeg 768w, https:\/\/unlimitedbcs.com\/wp-content\/uploads\/2020\/10\/qtq80-rviUpq-1536x1046.jpeg 1536w, https:\/\/unlimitedbcs.com\/wp-content\/uploads\/2020\/10\/qtq80-rviUpq-2048x1394.jpeg 2048w, https:\/\/unlimitedbcs.com\/wp-content\/uploads\/2020\/10\/qtq80-rviUpq-16x12.jpeg 16w\" sizes=\"(max-width: 1024px) 100vw, 1024px\" \/><\/figure><div class=\"wp-block-media-text__content\">\n<div class=\"wp-block-ugb-card ugb-card ugb-cc65b70 ugb-card--v2 ugb-card--design-plain ugb-card--columns-1 ugb-main-block\"><style>.ugb-cc65b70 .ugb-card__description{font-size:20px !important;margin-bottom:30px !important}.ugb-cc65b70 .ugb-button:hover{background-color:;opacity:1}.ugb-cc65b70 .ugb-button:before{content:\"\";background-image:linear-gradient(90deg,,)}<\/style><div class=\"ugb-inner-block\"><div class=\"ugb-block-content\"><div class=\"ugb-card__item ugb-card__item1\"><div class=\"ugb-card__content\"><p class=\"ugb-card__description\">Estamos orientados a los detalles; la campa\u00f1a de cada cliente es cuidadosamente investigada y estudiada para entender y honrar la marca, la cultura y la misi\u00f3n de su compa\u00f1\u00eda. Nuestro objetivo principal es convertir cada interacci\u00f3n en un cliente satisfecho, logrando en \u00faltima instancia los mejores resultados posibles para nuestros clientes.<br><br><strong>Nuestras especializaciones incluyen: <\/strong>llamadas salientes\/entrantes, ventas\/marketing, servicio al cliente incluyendo quejas, reclamos, retenci\u00f3n de clientes, soporte y asistencia general.<\/p><div class=\"ugb-button-container\"><a class=\"ugb-button ugb-button--size-normal ugb-button--ghost-to-normal-effect ugb-button--design-ghost\" href=\"https:\/\/unlimitedbcs.com\/es\/services\/\" rel=\"\" title=\"\"><span class=\"ugb-button--inner\">Aprender M\u00e1s<\/span><\/a><\/div><\/div><\/div><\/div><\/div><\/div>\n<\/div><\/div>\n<\/div><\/div>\n<\/div><\/div><\/div><\/div><\/div><\/div>","protected":false},"excerpt":{"rendered":"<p>Business Service Solutions Simplifying Business Services Commitment We align to your company&#8217;s objectives and goals. Teamwork Building relationships with our customers and team members is a priority and part of our culture. Quality Each partnership is viewed as its own entity and we strive to meet its uniqueness. Innovation We constantly strive to refine our [&hellip;]<\/p>\n","protected":false},"author":1,"featured_media":0,"parent":0,"menu_order":0,"comment_status":"closed","ping_status":"closed","template":"","meta":{"_seopress_robots_primary_cat":"","_seopress_titles_title":"Simplifying Businesses Interactions - Unlimited Business Center Solutions","_seopress_titles_desc":"","_seopress_robots_index":"","_coblocks_attr":"","_coblocks_dimensions":"","_coblocks_responsive_height":"","_coblocks_accordion_ie_support":"","footnotes":""},"class_list":["post-2","page","type-page","status-publish","hentry"],"featured_image_urls_v2":{"full":"","thumbnail":"","medium":"","medium_large":"","large":"","1536x1536":"","2048x2048":"","trp-custom-language-flag":"","post-thumbnail":""},"post_excerpt_stackable_v2":"<p>Business Service SolutionsSimplifying Business Services CommitmentWe align to your company&#8217;s objectives and goals.TeamworkBuilding relationships with our customers and team members is a priority and part of our culture.QualityEach partnership is viewed as its own entity and we strive to meet its uniqueness.InnovationWe constantly strive to refine our processes and use the latest technology. The Simple Solution for Your Business We are a boutique company in the contact center industry with a 100% virtual structure for commercial services, offering our clients personalized and specialized services that focus on our client&#8217;s needs and goals.Learn More What We Do We are detail oriented;&hellip;<\/p>\n","category_list_v2":"","author_info_v2":{"name":"rafgunz","url":"https:\/\/unlimitedbcs.com\/es\/author\/rafgunz\/"},"comments_num_v2":"0 comments","_links":{"self":[{"href":"https:\/\/unlimitedbcs.com\/es\/wp-json\/wp\/v2\/pages\/2","targetHints":{"allow":["GET"]}}],"collection":[{"href":"https:\/\/unlimitedbcs.com\/es\/wp-json\/wp\/v2\/pages"}],"about":[{"href":"https:\/\/unlimitedbcs.com\/es\/wp-json\/wp\/v2\/types\/page"}],"author":[{"embeddable":true,"href":"https:\/\/unlimitedbcs.com\/es\/wp-json\/wp\/v2\/users\/1"}],"replies":[{"embeddable":true,"href":"https:\/\/unlimitedbcs.com\/es\/wp-json\/wp\/v2\/comments?post=2"}],"version-history":[{"count":63,"href":"https:\/\/unlimitedbcs.com\/es\/wp-json\/wp\/v2\/pages\/2\/revisions"}],"predecessor-version":[{"id":431,"href":"https:\/\/unlimitedbcs.com\/es\/wp-json\/wp\/v2\/pages\/2\/revisions\/431"}],"wp:attachment":[{"href":"https:\/\/unlimitedbcs.com\/es\/wp-json\/wp\/v2\/media?parent=2"}],"curies":[{"name":"wp","href":"https:\/\/api.w.org\/{rel}","templated":true}]}}